{"id":1102,"date":"2018-03-18T12:13:35","date_gmt":"2018-03-18T10:13:35","guid":{"rendered":"http:\/\/www.sos-madagascar.org\/wp2\/?page_id=1102"},"modified":"2025-08-20T15:22:28","modified_gmt":"2025-08-20T14:22:28","slug":"adhesion-dons","status":"publish","type":"page","link":"https:\/\/www.sos-madagascar.org\/wp2\/adhesion-dons","title":{"rendered":"Adh\u00e9sion \/ Dons"},"content":{"rendered":"\n<p class=\"has-black-color has-text-color wp-block-paragraph\">L&rsquo;association SOS Madagascar vous invite \u00e0 utiliser son espace de paiement en ligne via la solution s\u00e9curis\u00e9e :<\/p>\n\n\n\n<center><a href=\"https:\/\/www.helloasso.com\/associations\/association-sos-madagascar\/formulaires\/1\" target=\"_blank\" rel=\"noopener noreferrer\"><span style=\"font-size: 1.3em; color: #073d8a;\">HelloAsso<\/span><\/a><\/center>\n\n\n\n<p class=\"wp-block-paragraph\">Nous pourrions int\u00e9grer le formulaire de don directement sur le site de l\u2019association mais cela serait faire courir un risque de tentatives de fraude. En vous revoyant vers le site de HelloAsso, c\u2019est celui-ci qui pourrait devenir une cible des personnes malintentionn\u00e9es. C\u2019est donc pour prot\u00e9ger notre site, vos dons et notre cr\u00e9dibilit\u00e9 que nous vous invitons \u00e0 suivre le lien ci-dessus ou le QR Code ci-dessous.<\/p>\n\n\n\n<figure class=\"wp-block-image size-full\"><a href=\"https:\/\/www.sos-madagascar.org\/wp2\/wp-content\/2025\/08\/qr.png\"><img loading=\"lazy\" decoding=\"async\" width=\"200\" height=\"200\" src=\"https:\/\/www.sos-madagascar.org\/wp2\/wp-content\/2025\/08\/qr.png\" alt=\"\" class=\"wp-image-3129\" srcset=\"https:\/\/www.sos-madagascar.org\/wp2\/wp-content\/2025\/08\/qr.png 200w, https:\/\/www.sos-madagascar.org\/wp2\/wp-content\/2025\/08\/qr-150x150.png 150w\" sizes=\"auto, (max-width: 200px) 100vw, 200px\" \/><\/a><\/figure>\n\n\n\n<p class=\"wp-block-paragraph\">Dans le formulaire qui vous sera propos\u00e9, vous pouvez cr\u00e9er un compte client ou pas.<\/p>\n\n\n\n<p class=\"has-black-color has-text-color wp-block-paragraph\">Aucune donn\u00e9e personnelle saisie sur le site HelloAsso (nom, adresse, ou autre, y compris information bancaire) ne sera conserv\u00e9e sur le site web de l&rsquo;association. N\u00e9anmoins, pour pouvoir tenir compte <span style=\"color: #ff0000;\"><span style=\"color: #000000;\">des adh\u00e9sions et \u00e9tablir un re\u00e7u fiscal d\u00e9mat\u00e9rialis\u00e9, le site HelloAsso adresse au tr\u00e9sorier un fichier de type Excel comprenant : le nom + pr\u00e9nom + mail + adresse + montant vers\u00e9, en parall\u00e8le du virement adress\u00e9 \u00e0 SOS Madagascar.<\/span><\/span><\/p>\n\n\n\n<p class=\"wp-block-paragraph\">HelloAsso offre gratuitement ses services \u00e0 notre association. Si vous le pouvez, pensez \u00e0 laisser une contribution volontaire au moment de votre paiement :&nbsp;votre soutien permet de faire vivre ce mod\u00e8le solidaire ! Un montant de contribution de 0\u20ac \u00e0 HelloAsso permettra n\u00e9anmoins \u00e0 SOS Madagascar de poursuivre ses actions par votre don ou adh\u00e9sion.<\/p>\n\n\n\n<p class=\"wp-block-paragraph\"><span style=\"color: #000000;\">Toutefois, si vous ne souhaitez pas utiliser ce service (HelloAsso), vous pouvez soit :<\/span><\/p>\n\n\n\n<ul class=\"wp-block-list\">\n<li>Effectuer un virement en demandant les informations n\u00e9cessaires au <a href=\"mailto:@sos-madagascar.org\">tr\u00e9sorier<\/a> en n&rsquo;omettant pas de communiquer, lors de votre demande du RIB de l&rsquo;association, votre nom et adresse pour l&rsquo;\u00e9tablissement du re\u00e7u fiscal.<\/li>\n\n\n\n<li>joindre un ch\u00e8que au formulaire pr\u00e9sent sur le <a href=\"https:\/\/www.sos-madagascar.org\/wp2\/wp-content\/2022\/11\/Bulletin-de-solidarite-SOS-MADAGASCAR-Version-28-11-2022.pdf\"><strong>Bulletin de Solidarit\u00e9 SOS Madagascar<\/strong><\/a> \u00e0 compl\u00e9ter et renvoyer au si\u00e8ge social.<\/li>\n<\/ul>\n\n\n\n<p class=\"has-black-color has-text-color wp-block-paragraph\">Tout versement \u00e0 l&rsquo;association vous donne droit \u00e0 une r\u00e9duction fiscale de 66%, l&rsquo;attestation vous sera transmise en d\u00e9but d&rsquo;ann\u00e9e suivante avant l&rsquo;Assembl\u00e9e G\u00e9n\u00e9rale. Le montant de la cotisation fait l\u2019objet d\u2019un vote lors de l\u2019AG en d\u00e9but d\u2019ann\u00e9e. Pour le bon fonctionnement de l\u2019association, il est souhaitable que la cotisation soit vers\u00e9e avant le 30 juin de l\u2019ann\u00e9e en cours.<br>Par avance, le bureau de l&rsquo;association vous remercie pour votre don, pour votre adh\u00e9sion ou son renouvellement, et plus encore pour la confiance que vous t\u00e9moignez \u00e0 l&rsquo;association (uniquement compos\u00e9e de b\u00e9n\u00e9voles).<\/p>\n\n\n\n<p class=\"wp-block-paragraph\"><\/p>\n","protected":false},"excerpt":{"rendered":"<p>L&rsquo;association SOS Madagascar vous invite \u00e0 utiliser son espace de paiement en ligne via la solution s\u00e9curis\u00e9e : HelloAsso Nous pourrions int\u00e9grer le formulaire de don directement sur le site de l\u2019association mais cela serait faire courir un risque de tentatives de fraude. En vous revoyant vers le site de HelloAsso, c\u2019est celui-ci qui pourrait&hellip; <a class=\"more-link\" href=\"https:\/\/www.sos-madagascar.org\/wp2\/adhesion-dons\">Poursuivre la lecture <span class=\"screen-reader-text\">Adh\u00e9sion \/ Dons<\/span><\/a><\/p>\n","protected":false},"author":91,"featured_media":0,"parent":0,"menu_order":0,"comment_status":"closed","ping_status":"closed","template":"","meta":{"_crdt_document":"","footnotes":""},"class_list":["post-1102","page","type-page","status-publish","hentry","entry"],"_links":{"self":[{"href":"https:\/\/www.sos-madagascar.org\/wp2\/wp-json\/wp\/v2\/pages\/1102","targetHints":{"allow":["GET"]}}],"collection":[{"href":"https:\/\/www.sos-madagascar.org\/wp2\/wp-json\/wp\/v2\/pages"}],"about":[{"href":"https:\/\/www.sos-madagascar.org\/wp2\/wp-json\/wp\/v2\/types\/page"}],"author":[{"embeddable":true,"href":"https:\/\/www.sos-madagascar.org\/wp2\/wp-json\/wp\/v2\/users\/91"}],"replies":[{"embeddable":true,"href":"https:\/\/www.sos-madagascar.org\/wp2\/wp-json\/wp\/v2\/comments?post=1102"}],"version-history":[{"count":33,"href":"https:\/\/www.sos-madagascar.org\/wp2\/wp-json\/wp\/v2\/pages\/1102\/revisions"}],"predecessor-version":[{"id":3130,"href":"https:\/\/www.sos-madagascar.org\/wp2\/wp-json\/wp\/v2\/pages\/1102\/revisions\/3130"}],"wp:attachment":[{"href":"https:\/\/www.sos-madagascar.org\/wp2\/wp-json\/wp\/v2\/media?parent=1102"}],"curies":[{"name":"wp","href":"https:\/\/api.w.org\/{rel}","templated":true}]}}