{"id":29,"date":"2006-03-20T21:14:33","date_gmt":"2006-03-20T20:14:33","guid":{"rendered":"http:\/\/www.sos-madagascar.org\/wp2\/?page_id=29"},"modified":"2023-11-20T11:15:59","modified_gmt":"2023-11-20T10:15:59","slug":"namahora-page","status":"publish","type":"page","link":"https:\/\/www.sos-madagascar.org\/wp2\/namahora-page","title":{"rendered":"NAMAHORA &#8211; Handicap\u00e9s"},"content":{"rendered":"<p>Quelques chiffres :<\/p>\n<p>&#8211; Un enfant sur cinq pr\u00e9sente un handicap physique ou mental \u00e0&nbsp; la naissance<br \/>\n&#8211; Une bo\u00eete de m\u00e9dicament pour les \u00e9pileptiques co\u00fbte 75 000 FMG ; le SMIG se monte 150 000 FMG<br \/>\n&#8211; Plus de 700 personnes \u00e0&nbsp; soigner<br \/>\nComment rester insensibles \u00e0&nbsp; des donn\u00e9es chiffr\u00e9es aussi dures ?<\/p>\n<p>Nous n&rsquo;avons pas h\u00e9sit\u00e9 \u00e0&nbsp; venir en aide \u00e0&nbsp; ce foyer de handicap\u00e9s, parrain\u00e9s par ailleurs par Handicap international.<\/p>\n<p>D\u00e8s 1997, SOS Madagascar a soutenu cette institution par une aide financi\u00e8re mensuelle.<\/p>\n<p>Ont suivi des envois de m\u00e9dicaments, de mat\u00e9riels chirurgicaux, d&rsquo;appareillages divers. En f\u00e9vrier 2004, notre association a fait don d&rsquo;une machine \u00e9lectrique et de pistolets thermiques pour la fabrication de chaussures orthop\u00e9diques.<\/p>\n<p>Ce mat\u00e9riel est essentiel ; en effet, gr\u00e2ce \u00e0&nbsp; ces dons, la production sera tr\u00e8s sensiblement am\u00e9lior\u00e9e tant au niveau de la qualit\u00e9 que de la quantit\u00e9. Jusque l\u00e0&nbsp;, malgr\u00e9 leur bonne volont\u00e9, les deux ouvriers en place ne pouvaient fabriquer plus de deux paires de chaussures par jour. Pour r\u00e9pondre \u00e0&nbsp; la tr\u00e8s forte demande, il est apparu indispensable \u00e0&nbsp; nos yeux de doter l&rsquo;atelier d&rsquo;outillages plus adapt\u00e9s. L&rsquo;appareillage est, pour certains handicap\u00e9s physiques, le premier pas vers une r\u00e9elle ind\u00e9pendance : pouvoir se d\u00e9placer plus ais\u00e9ment favorise la r\u00e9insertion socio-\u00e9conomique. De m\u00eame, s&rsquo;agissant des b\u00e9b\u00e9s, il est primordial de les r\u00e9\u00e9duquer d\u00e8s les premiers mois. Ainsi, SOS Madagascar a d\u00e9cid\u00e9 de prendre en charge partiellement le salaire annuel d&rsquo;un kin\u00e9sith\u00e9rapeute pour leur dispenser les soins ad\u00e9quats.<\/p>\n<p>Les jeunes enfants pr\u00e9sentant un retard mental doivent \u00e9galement pouvoir suivre un programme \u00e9ducatif afin d&rsquo;acc\u00e9der \u00e0&nbsp; une meilleure autonomie. Les efforts faits en ce sens par les s\u0153urs \u00e9ducatrices sont payants. Malgr\u00e9 des moyens rudimentaires, elles aident chaque jour ces enfants \u00e0&nbsp; se d\u00e9velopper. Les petits films que vous pouvez voir sur le site t\u00e9moignent de leur assiduit\u00e9.<\/p>\n<p><strong>Par nos actions, continuons \u00e0&nbsp; les soutenir !<\/strong><\/p>\n<p>Localisation \u00e0&nbsp; <a href=\"https:\/\/maps.app.goo.gl\/JmPBuCM2aVTpDoCq8\" target=\"_blank\" rel=\"noopener\">Morondava<\/a><\/p>\n","protected":false},"excerpt":{"rendered":"<p>Quelques chiffres : &#8211; Un enfant sur cinq pr\u00e9sente un handicap physique ou mental \u00e0&nbsp; la naissance &#8211; Une bo\u00eete de m\u00e9dicament pour les \u00e9pileptiques co\u00fbte 75 000 FMG ; le SMIG se monte 150 000 FMG &#8211; Plus de 700 personnes \u00e0&nbsp; soigner Comment rester insensibles \u00e0&nbsp; des donn\u00e9es chiffr\u00e9es aussi dures ? Nous&hellip; <a class=\"more-link\" href=\"https:\/\/www.sos-madagascar.org\/wp2\/namahora-page\">Poursuivre la lecture <span class=\"screen-reader-text\">NAMAHORA &#8211; Handicap\u00e9s<\/span><\/a><\/p>\n","protected":false},"author":6,"featured_media":0,"parent":0,"menu_order":0,"comment_status":"open","ping_status":"closed","template":"","meta":{"_crdt_document":"","footnotes":""},"class_list":["post-29","page","type-page","status-publish","hentry","entry"],"_links":{"self":[{"href":"https:\/\/www.sos-madagascar.org\/wp2\/wp-json\/wp\/v2\/pages\/29","targetHints":{"allow":["GET"]}}],"collection":[{"href":"https:\/\/www.sos-madagascar.org\/wp2\/wp-json\/wp\/v2\/pages"}],"about":[{"href":"https:\/\/www.sos-madagascar.org\/wp2\/wp-json\/wp\/v2\/types\/page"}],"author":[{"embeddable":true,"href":"https:\/\/www.sos-madagascar.org\/wp2\/wp-json\/wp\/v2\/users\/6"}],"replies":[{"embeddable":true,"href":"https:\/\/www.sos-madagascar.org\/wp2\/wp-json\/wp\/v2\/comments?post=29"}],"version-history":[{"count":4,"href":"https:\/\/www.sos-madagascar.org\/wp2\/wp-json\/wp\/v2\/pages\/29\/revisions"}],"predecessor-version":[{"id":2784,"href":"https:\/\/www.sos-madagascar.org\/wp2\/wp-json\/wp\/v2\/pages\/29\/revisions\/2784"}],"wp:attachment":[{"href":"https:\/\/www.sos-madagascar.org\/wp2\/wp-json\/wp\/v2\/media?parent=29"}],"curies":[{"name":"wp","href":"https:\/\/api.w.org\/{rel}","templated":true}]}}